{"id":4002,"date":"2020-11-05T14:53:28","date_gmt":"2020-11-05T19:53:28","guid":{"rendered":"https:\/\/sunfruits.com.pe\/%e8%81%94%e7%b3%bb%e6%88%91%e4%bb%ac\/"},"modified":"2020-11-05T14:57:34","modified_gmt":"2020-11-05T19:57:34","slug":"%e8%81%94%e7%b3%bb%e6%88%91%e4%bb%ac","status":"publish","type":"page","link":"https:\/\/sunfruits.com.pe\/zh-hans\/%e8%81%94%e7%b3%bb%e6%88%91%e4%bb%ac\/","title":{"rendered":"\u8054\u7cfb\u6211\u4eec"},"content":{"rendered":"<p>[et_pb_section fb_built=&#8221;1&#8243; _builder_version=&#8221;4.0.6&#8243; background_image=&#8221;https:\/\/sunfruits.com.pe\/wp-content\/uploads\/2019\/11\/header-contacto.jpg&#8221; parallax=&#8221;on&#8221; custom_margin=&#8221;0px||0px||false|false&#8221; custom_padding=&#8221;0px||0px||false|false&#8221;][et_pb_row make_equal=&#8221;on&#8221; _builder_version=&#8221;3.27.4&#8243; custom_margin=&#8221;||||false|false&#8221; custom_padding=&#8221;14vh||14vh||true|false&#8221;][et_pb_column type=&#8221;4_4&#8243; _builder_version=&#8221;3.27.4&#8243;][et_pb_blurb title=&#8221;\u8054\u7cfb\u6211\u4eec&#8221; content_max_width=&#8221;1100px&#8221; _builder_version=&#8221;4.4.3&#8243; header_font=&#8221;Rufina||||||||&#8221; header_text_color=&#8221;#ffffff&#8221; header_font_size=&#8221;50px&#8221; body_text_color=&#8221;#4a404f&#8221; body_font_size=&#8221;16px&#8221; text_orientation=&#8221;center&#8221; background_layout=&#8221;dark&#8221; custom_margin=&#8221;||15px||false|false&#8221; custom_padding=&#8221;|10%||10%|false|true&#8221; header_font_size_tablet=&#8221;&#8221; header_font_size_phone=&#8221;35px&#8221; header_font_size_last_edited=&#8221;on|phone&#8221;][\/et_pb_blurb][\/et_pb_column][\/et_pb_row][\/et_pb_section][et_pb_section fb_built=&#8221;1&#8243; admin_label=&#8221;Footer&#8221; _builder_version=&#8221;4.0.6&#8243; background_color_gradient_direction=&#8221;90deg&#8221; background_image=&#8221;https:\/\/sunfruits.com.pe\/wp-content\/uploads\/2019\/11\/header-dsarrollo-1.jpg&#8221; background_size=&#8221;initial&#8221; background_position=&#8221;center_left&#8221; custom_padding=&#8221;0px|0px|0px|0px&#8221; saved_tabs=&#8221;all&#8221; locked=&#8221;off&#8221;][et_pb_row column_structure=&#8221;1_2,1_2&#8243; use_custom_gutter=&#8221;on&#8221; gutter_width=&#8221;1&#8243; make_equal=&#8221;on&#8221; admin_label=&#8221;Footer Row&#8221; module_class=&#8221; et_pb_row_fullwidth&#8221; _builder_version=&#8221;4.0.6&#8243; width=&#8221;100%&#8221; width_tablet=&#8221;100%&#8221; width_phone=&#8221;&#8221; width_last_edited=&#8221;on|desktop&#8221; max_width=&#8221;100%&#8221; max_width_tablet=&#8221;100%&#8221; max_width_phone=&#8221;&#8221; max_width_last_edited=&#8221;on|desktop&#8221; custom_margin=&#8221;|||&#8221; custom_padding=&#8221;0px|0px|0px|0px&#8221; animation_style=&#8221;fade&#8221; make_fullwidth=&#8221;on&#8221;][et_pb_column type=&#8221;1_2&#8243; module_class=&#8221;ds-vertical-align&#8221; _builder_version=&#8221;4.0.6&#8243; background_color=&#8221;rgba(0,0,0,0.1)&#8221; custom_padding=&#8221;30px|5%|30px|5%|true|true&#8221; custom_padding_tablet=&#8221;&#8221; custom_padding_phone=&#8221;&#8221; custom_padding_last_edited=&#8221;on|phone&#8221; padding_last_edited=&#8221;on|phone&#8221; custom_padding__hover=&#8221;|||&#8221;][et_pb_text admin_label=&#8221;Tittle&#8221; _builder_version=&#8221;4.0.6&#8243; text_font=&#8221;Nunito||||||||&#8221; text_font_size=&#8221;18px&#8221; text_line_height=&#8221;1.8em&#8221; header_font=&#8221;||||||||&#8221; header_text_align=&#8221;center&#8221; header_3_font=&#8221;Rufina||||||||&#8221; header_3_text_color=&#8221;#03aa4f&#8221; header_3_font_size=&#8221;35px&#8221; header_3_line_height=&#8221;1.5em&#8221; max_width=&#8221;600px&#8221; max_width_tablet=&#8221;&#8221; max_width_phone=&#8221;&#8221; max_width_last_edited=&#8221;on|phone&#8221; module_alignment=&#8221;left&#8221; custom_margin=&#8221;|||&#8221; locked=&#8221;off&#8221;]<\/p>\n<h3>\u6b22\u8fce\u7559\u8a00<\/h3>\n<p>[\/et_pb_text][et_pb_contact_form captcha=&#8221;off&#8221; module_id=&#8221;et_pb_contact_form_0&#8243; _builder_version=&#8221;4.6.5&#8243; form_field_background_color=&#8221;rgba(255,255,255,0.37)&#8221; form_field_text_color=&#8221;#000000&#8243; form_field_focus_background_color=&#8221;#4a404f&#8221; form_field_focus_text_color=&#8221;#ffffff&#8221; form_field_font=&#8221;Nunito||||||||&#8221; form_field_font_size=&#8221;16px&#8221; custom_button=&#8221;on&#8221; button_text_size=&#8221;15px&#8221; button_text_color=&#8221;#ffffff&#8221; button_bg_color=&#8221;#03aa4f&#8221; button_border_width=&#8221;10px&#8221; button_border_color=&#8221;#03aa4f&#8221; button_border_radius=&#8221;0px&#8221; button_letter_spacing=&#8221;3px&#8221; button_font=&#8221;Oswald|||on|&#8221; button_use_icon=&#8221;off&#8221; text_orientation=&#8221;left&#8221; hover_enabled=&#8221;0&#8243; border_width_all=&#8221;1px&#8221; border_color_all=&#8221;#E6E6E6&#8243; border_style_all=&#8221;solid&#8221; use_border_color=&#8221;on&#8221; border_color=&#8221;#E6E6E6&#8243; form_background_color=&#8221;rgba(0,0,0,0)&#8221; locked=&#8221;off&#8221; button_text_color_hover=&#8221;#ffffff&#8221; button_bg_color_hover=&#8221;#c99872&#8243; button_border_color_hover=&#8221;#c99872&#8243; button_border_radius_hover=&#8221;0px&#8221; button_letter_spacing_hover=&#8221;3px&#8221; success_message=&#8221;\u611f\u8c22\u60a8\u7684\u7559\u8a00\u3002\u6211\u4eec\u5c06\u5c3d\u5feb\u56de\u590d\u3002&#8221; custom_message=&#8221;Ha llegado un mensaje de contacto a trav\u00e9s de la p\u00e1gina web Sun Fruits.||et_pb_line_break_holder||Nombre: %%nombre%%||et_pb_line_break_holder||Correo electr\u00f3nico: %%email%%||et_pb_line_break_holder||Tel\u00e9fono: %%telefono%%||et_pb_line_break_holder||Producto: %%producto%%||et_pb_line_break_holder||Empresa: %%empresa%%||et_pb_line_break_holder||Pa\u00eds: %%pais%%||et_pb_line_break_holder||Mensaje: %%mensaje%%&#8221; email=&#8221;contact@sunfruits.com.pe&#8221; sticky_enabled=&#8221;0&#8243;][et_pb_contact_field field_id=&#8221;nombre&#8221; field_title=&#8221;\u59d3\u540d&#8221; _builder_version=&#8221;4.0.6&#8243; button_text_size__hover_enabled=&#8221;off&#8221; button_one_text_size__hover_enabled=&#8221;off&#8221; button_two_text_size__hover_enabled=&#8221;off&#8221; button_text_color__hover_enabled=&#8221;off&#8221; button_one_text_color__hover_enabled=&#8221;off&#8221; button_two_text_color__hover_enabled=&#8221;off&#8221; button_border_width__hover_enabled=&#8221;off&#8221; button_one_border_width__hover_enabled=&#8221;off&#8221; button_two_border_width__hover_enabled=&#8221;off&#8221; button_border_color__hover_enabled=&#8221;off&#8221; button_one_border_color__hover_enabled=&#8221;off&#8221; button_two_border_color__hover_enabled=&#8221;off&#8221; button_border_radius__hover_enabled=&#8221;off&#8221; button_one_border_radius__hover_enabled=&#8221;off&#8221; button_two_border_radius__hover_enabled=&#8221;off&#8221; button_letter_spacing__hover_enabled=&#8221;off&#8221; button_one_letter_spacing__hover_enabled=&#8221;off&#8221; button_two_letter_spacing__hover_enabled=&#8221;off&#8221; button_bg_color__hover_enabled=&#8221;off&#8221; button_one_bg_color__hover_enabled=&#8221;off&#8221; button_two_bg_color__hover_enabled=&#8221;off&#8221;][\/et_pb_contact_field][et_pb_contact_field field_id=&#8221;telefono&#8221; field_title=&#8221;\u7535\u8bdd&#8221; _builder_version=&#8221;4.0.6&#8243; button_text_size__hover_enabled=&#8221;off&#8221; button_one_text_size__hover_enabled=&#8221;off&#8221; button_two_text_size__hover_enabled=&#8221;off&#8221; button_text_color__hover_enabled=&#8221;off&#8221; button_one_text_color__hover_enabled=&#8221;off&#8221; button_two_text_color__hover_enabled=&#8221;off&#8221; button_border_width__hover_enabled=&#8221;off&#8221; button_one_border_width__hover_enabled=&#8221;off&#8221; button_two_border_width__hover_enabled=&#8221;off&#8221; button_border_color__hover_enabled=&#8221;off&#8221; button_one_border_color__hover_enabled=&#8221;off&#8221; button_two_border_color__hover_enabled=&#8221;off&#8221; button_border_radius__hover_enabled=&#8221;off&#8221; button_one_border_radius__hover_enabled=&#8221;off&#8221; button_two_border_radius__hover_enabled=&#8221;off&#8221; button_letter_spacing__hover_enabled=&#8221;off&#8221; button_one_letter_spacing__hover_enabled=&#8221;off&#8221; button_two_letter_spacing__hover_enabled=&#8221;off&#8221; button_bg_color__hover_enabled=&#8221;off&#8221; button_one_bg_color__hover_enabled=&#8221;off&#8221; button_two_bg_color__hover_enabled=&#8221;off&#8221;][\/et_pb_contact_field][et_pb_contact_field field_id=&#8221;email&#8221; field_title=&#8221;\u7535\u5b50\u90ae\u7bb1&#8221; field_type=&#8221;email&#8221; _builder_version=&#8221;4.6.5&#8243; hover_enabled=&#8221;0&#8243; button_text_size__hover_enabled=&#8221;off&#8221; button_one_text_size__hover_enabled=&#8221;off&#8221; button_two_text_size__hover_enabled=&#8221;off&#8221; button_text_color__hover_enabled=&#8221;off&#8221; button_one_text_color__hover_enabled=&#8221;off&#8221; button_two_text_color__hover_enabled=&#8221;off&#8221; button_border_width__hover_enabled=&#8221;off&#8221; button_one_border_width__hover_enabled=&#8221;off&#8221; button_two_border_width__hover_enabled=&#8221;off&#8221; button_border_color__hover_enabled=&#8221;off&#8221; button_one_border_color__hover_enabled=&#8221;off&#8221; button_two_border_color__hover_enabled=&#8221;off&#8221; button_border_radius__hover_enabled=&#8221;off&#8221; button_one_border_radius__hover_enabled=&#8221;off&#8221; button_two_border_radius__hover_enabled=&#8221;off&#8221; button_letter_spacing__hover_enabled=&#8221;off&#8221; button_one_letter_spacing__hover_enabled=&#8221;off&#8221; button_two_letter_spacing__hover_enabled=&#8221;off&#8221; button_bg_color__hover_enabled=&#8221;off&#8221; button_one_bg_color__hover_enabled=&#8221;off&#8221; button_two_bg_color__hover_enabled=&#8221;off&#8221; sticky_enabled=&#8221;0&#8243;][\/et_pb_contact_field][et_pb_contact_field field_id=&#8221;producto&#8221; field_title=&#8221;\u6311\u9009\u4ea7\u54c1&#8221; field_type=&#8221;select&#8221; select_options=&#8221;%91{%22value%22:%22\u8461\u8404%22,%22checked%22:0,%22dragID%22:-1},{%22value%22:%22\u725b\u6cb9\u679c%22,%22checked%22:0,%22dragID%22:0},{%22value%22:%22\u84dd\u8393%22,%22checked%22:0,%22dragID%22:1},{%22value%22:%22\u67d1\u6a58\u679c\u54c1%22,%22checked%22:0,%22dragID%22:2},{%22value%22:%22\u77f3\u69b4%22,%22checked%22:0,%22dragID%22:3}%93&#8243; _builder_version=&#8221;4.0.6&#8243;][\/et_pb_contact_field][et_pb_contact_field field_id=&#8221;empresa&#8221; field_title=&#8221;\u516c\u53f8&#8221; _builder_version=&#8221;4.0.6&#8243; button_text_size__hover_enabled=&#8221;off&#8221; button_one_text_size__hover_enabled=&#8221;off&#8221; button_two_text_size__hover_enabled=&#8221;off&#8221; button_text_color__hover_enabled=&#8221;off&#8221; button_one_text_color__hover_enabled=&#8221;off&#8221; button_two_text_color__hover_enabled=&#8221;off&#8221; button_border_width__hover_enabled=&#8221;off&#8221; button_one_border_width__hover_enabled=&#8221;off&#8221; button_two_border_width__hover_enabled=&#8221;off&#8221; button_border_color__hover_enabled=&#8221;off&#8221; button_one_border_color__hover_enabled=&#8221;off&#8221; button_two_border_color__hover_enabled=&#8221;off&#8221; button_border_radius__hover_enabled=&#8221;off&#8221; button_one_border_radius__hover_enabled=&#8221;off&#8221; button_two_border_radius__hover_enabled=&#8221;off&#8221; button_letter_spacing__hover_enabled=&#8221;off&#8221; button_one_letter_spacing__hover_enabled=&#8221;off&#8221; button_two_letter_spacing__hover_enabled=&#8221;off&#8221; button_bg_color__hover_enabled=&#8221;off&#8221; button_one_bg_color__hover_enabled=&#8221;off&#8221; button_two_bg_color__hover_enabled=&#8221;off&#8221;][\/et_pb_contact_field][et_pb_contact_field field_id=&#8221;pais&#8221; field_title=&#8221;\u56fd\u5bb6&#8221; _builder_version=&#8221;4.0.6&#8243; button_text_size__hover_enabled=&#8221;off&#8221; button_one_text_size__hover_enabled=&#8221;off&#8221; button_two_text_size__hover_enabled=&#8221;off&#8221; button_text_color__hover_enabled=&#8221;off&#8221; button_one_text_color__hover_enabled=&#8221;off&#8221; button_two_text_color__hover_enabled=&#8221;off&#8221; button_border_width__hover_enabled=&#8221;off&#8221; button_one_border_width__hover_enabled=&#8221;off&#8221; button_two_border_width__hover_enabled=&#8221;off&#8221; button_border_color__hover_enabled=&#8221;off&#8221; button_one_border_color__hover_enabled=&#8221;off&#8221; button_two_border_color__hover_enabled=&#8221;off&#8221; button_border_radius__hover_enabled=&#8221;off&#8221; button_one_border_radius__hover_enabled=&#8221;off&#8221; button_two_border_radius__hover_enabled=&#8221;off&#8221; button_letter_spacing__hover_enabled=&#8221;off&#8221; button_one_letter_spacing__hover_enabled=&#8221;off&#8221; button_two_letter_spacing__hover_enabled=&#8221;off&#8221; button_bg_color__hover_enabled=&#8221;off&#8221; button_one_bg_color__hover_enabled=&#8221;off&#8221; button_two_bg_color__hover_enabled=&#8221;off&#8221;][\/et_pb_contact_field][et_pb_contact_field field_id=&#8221;mensaje&#8221; field_title=&#8221;\u4fe1\u606f&#8221; field_type=&#8221;text&#8221; fullwidth_field=&#8221;on&#8221; _builder_version=&#8221;4.0.6&#8243; button_text_size__hover_enabled=&#8221;off&#8221; button_one_text_size__hover_enabled=&#8221;off&#8221; button_two_text_size__hover_enabled=&#8221;off&#8221; button_text_color__hover_enabled=&#8221;off&#8221; button_one_text_color__hover_enabled=&#8221;off&#8221; button_two_text_color__hover_enabled=&#8221;off&#8221; button_border_width__hover_enabled=&#8221;off&#8221; button_one_border_width__hover_enabled=&#8221;off&#8221; button_two_border_width__hover_enabled=&#8221;off&#8221; button_border_color__hover_enabled=&#8221;off&#8221; button_one_border_color__hover_enabled=&#8221;off&#8221; button_two_border_color__hover_enabled=&#8221;off&#8221; button_border_radius__hover_enabled=&#8221;off&#8221; button_one_border_radius__hover_enabled=&#8221;off&#8221; button_two_border_radius__hover_enabled=&#8221;off&#8221; button_letter_spacing__hover_enabled=&#8221;off&#8221; button_one_letter_spacing__hover_enabled=&#8221;off&#8221; button_two_letter_spacing__hover_enabled=&#8221;off&#8221; button_bg_color__hover_enabled=&#8221;off&#8221; button_one_bg_color__hover_enabled=&#8221;off&#8221; button_two_bg_color__hover_enabled=&#8221;off&#8221;][\/et_pb_contact_field][\/et_pb_contact_form][\/et_pb_column][et_pb_column type=&#8221;1_2&#8243; module_class=&#8221;ds-vertical-align&#8221; _builder_version=&#8221;4.0.6&#8243; background_color=&#8221;#03aa4f&#8221; custom_padding=&#8221;|10%||10%|false|true&#8221; custom_padding__hover=&#8221;|||&#8221;][et_pb_text disabled_on=&#8221;on|on|on&#8221; admin_label=&#8221;Texts&#8221; _builder_version=&#8221;4.4.3&#8243; text_font=&#8221;Nunito||||&#8221; text_font_size=&#8221;16px&#8221; header_font=&#8221;Oswald|||on|&#8221; header_text_color=&#8221;#DCA57D&#8221; header_font_size=&#8221;16px&#8221; header_letter_spacing=&#8221;2px&#8221; header_line_height=&#8221;1.7em&#8221; header_4_font=&#8221;Rufina|||on|||||&#8221; header_4_text_color=&#8221;#312c33&#8243; header_4_font_size=&#8221;20px&#8221; header_4_letter_spacing=&#8221;1px&#8221; header_4_line_height=&#8221;1.5em&#8221; background_layout=&#8221;dark&#8221; custom_margin=&#8221;||6%|&#8221; custom_margin_tablet=&#8221;&#8221; custom_margin_phone=&#8221;10%||6%||false|false&#8221; custom_margin_last_edited=&#8221;on|phone&#8221; disabled=&#8221;on&#8221; locked=&#8221;off&#8221;]<\/p>\n<h4>\u8054\u7cfb\u7535\u8bdd<\/h4>\n<p>+51 16528415[\/et_pb_text][et_pb_text admin_label=&#8221;Texts&#8221; _builder_version=&#8221;4.6.1&#8243; text_font=&#8221;Nunito||||&#8221; text_font_size=&#8221;16px&#8221; header_font=&#8221;Oswald|||on|&#8221; header_text_color=&#8221;#DCA57D&#8221; header_font_size=&#8221;16px&#8221; header_letter_spacing=&#8221;2px&#8221; header_line_height=&#8221;1.7em&#8221; header_4_font=&#8221;Rufina|||on|||||&#8221; header_4_text_color=&#8221;#312c33&#8243; header_4_font_size=&#8221;20px&#8221; header_4_letter_spacing=&#8221;1px&#8221; header_4_line_height=&#8221;1.5em&#8221; background_layout=&#8221;dark&#8221; custom_margin=&#8221;||6%|&#8221; custom_margin_tablet=&#8221;&#8221; custom_margin_phone=&#8221;30px||||false|false&#8221; custom_margin_last_edited=&#8221;on|phone&#8221; locked=&#8221;off&#8221;]<\/p>\n<h4>\u7535\u5b50\u90ae\u4ef6<\/h4>\n<p>contact@sunfruits.com.pe<br \/>\n[\/et_pb_text][et_pb_text admin_label=&#8221;Texts&#8221; _builder_version=&#8221;4.0.6&#8243; text_font=&#8221;Nunito||||&#8221; text_font_size=&#8221;16px&#8221; header_font=&#8221;Oswald|||on|&#8221; header_text_color=&#8221;#DCA57D&#8221; header_font_size=&#8221;16px&#8221; header_letter_spacing=&#8221;2px&#8221; header_line_height=&#8221;1.7em&#8221; header_4_font=&#8221;Rufina|||on|||||&#8221; header_4_text_color=&#8221;#312c33&#8243; header_4_font_size=&#8221;20px&#8221; header_4_letter_spacing=&#8221;1px&#8221; header_4_line_height=&#8221;1.5em&#8221; background_layout=&#8221;dark&#8221; custom_margin=&#8221;||6%|&#8221; locked=&#8221;off&#8221;]<\/p>\n<h4>\u529e\u516c\u5ba4\u5730\u5740<\/h4>\n<p>Av. Contralmirante Montero 411 of. 404, Magdalena del Mar, Lima-Per\u00fa[\/et_pb_text][et_pb_text admin_label=&#8221;Texts&#8221; _builder_version=&#8221;4.0.6&#8243; text_font=&#8221;Nunito||||&#8221; text_font_size=&#8221;16px&#8221; header_font=&#8221;Oswald|||on|&#8221; header_text_color=&#8221;#DCA57D&#8221; header_font_size=&#8221;16px&#8221; header_letter_spacing=&#8221;2px&#8221; header_line_height=&#8221;1.7em&#8221; header_4_font=&#8221;Rufina|||on|||||&#8221; header_4_text_color=&#8221;#312c33&#8243; header_4_font_size=&#8221;20px&#8221; header_4_letter_spacing=&#8221;1px&#8221; header_4_line_height=&#8221;1.5em&#8221; background_layout=&#8221;dark&#8221; custom_margin=&#8221;||6%|&#8221; locked=&#8221;off&#8221;]<\/p>\n<h4>Direcci\u00f3n de nuestra planta<\/h4>\n<p>Caser\u00edo Lim\u00f3n S\/N. San Juan Bautista, Ica-Per\u00fa<br \/>\n[\/et_pb_text][et_pb_social_media_follow _builder_version=&#8221;4.4.3&#8243; custom_margin=&#8221;20px||||false|false&#8221; custom_margin_tablet=&#8221;&#8221; custom_margin_phone=&#8221;20px||20px||false|false&#8221; custom_margin_last_edited=&#8221;on|phone&#8221; border_radii=&#8221;on|50px|50px|50px|50px&#8221;][et_pb_social_media_follow_network social_network=&#8221;facebook&#8221; url=&#8221;https:\/\/www.facebook.com\/SunFruitsExportsSa&#8221; _builder_version=&#8221;4.4.3&#8243; background_color=&#8221;#312c33&#8243; background_enable_color=&#8221;on&#8221; follow_button=&#8221;off&#8221; url_new_window=&#8221;on&#8221;]facebook[\/et_pb_social_media_follow_network][et_pb_social_media_follow_network social_network=&#8221;linkedin&#8221; url=&#8221;https:\/\/www.linkedin.com\/company\/sunfruitsexports\/&#8221; _builder_version=&#8221;4.4.3&#8243; background_color=&#8221;#312c33&#8243; background_enable_color=&#8221;on&#8221; follow_button=&#8221;off&#8221; url_new_window=&#8221;on&#8221;]linkedin[\/et_pb_social_media_follow_network][\/et_pb_social_media_follow][\/et_pb_column][\/et_pb_row][\/et_pb_section][et_pb_section fb_built=&#8221;1&#8243; fullwidth=&#8221;on&#8221; admin_label=&#8221;Map Section&#8221; _builder_version=&#8221;3.22&#8243;][et_pb_fullwidth_map address=&#8221;San Juan Bautista 11002, Per\u00fa&#8221; zoom_level=&#8221;15&#8243; address_lat=&#8221;-14.017371867647&#8243; address_lng=&#8221;-75.734456140792&#8243; mouse_wheel=&#8221;off&#8221; use_grayscale_filter=&#8221;on&#8221; grayscale_filter_amount=&#8221;100&#8243; _builder_version=&#8221;4.0.6&#8243; child_filter_saturate=&#8221;0%&#8221;][et_pb_map_pin pin_address=&#8221;Av. Jorge Chavez, 11002, Per\u00fa&#8221; zoom_level=&#8221;14&#8243; pin_address_lat=&#8221;-14.018004235173&#8243; pin_address_lng=&#8221;-75.733680982387&#8243; _builder_version=&#8221;4.0.6&#8243;][\/et_pb_map_pin][\/et_pb_fullwidth_map][\/et_pb_section]<\/p>\n","protected":false},"excerpt":{"rendered":"<p>\u6b22\u8fce\u7559\u8a00 \u8054\u7cfb\u7535\u8bdd +51 16528415\u7535\u5b50\u90ae\u4ef6 contact@sunfruits.com.pe \u529e\u516c\u5ba4 [&hellip;]<\/p>\n","protected":false},"author":1,"featured_media":0,"parent":0,"menu_order":0,"comment_status":"closed","ping_status":"closed","template":"","meta":{"_et_pb_use_builder":"on","_et_pb_old_content":"","_et_gb_content_width":"","footnotes":""},"class_list":["post-4002","page","type-page","status-publish","hentry"],"_links":{"self":[{"href":"https:\/\/sunfruits.com.pe\/zh-hans\/wp-json\/wp\/v2\/pages\/4002","targetHints":{"allow":["GET"]}}],"collection":[{"href":"https:\/\/sunfruits.com.pe\/zh-hans\/wp-json\/wp\/v2\/pages"}],"about":[{"href":"https:\/\/sunfruits.com.pe\/zh-hans\/wp-json\/wp\/v2\/types\/page"}],"author":[{"embeddable":true,"href":"https:\/\/sunfruits.com.pe\/zh-hans\/wp-json\/wp\/v2\/users\/1"}],"replies":[{"embeddable":true,"href":"https:\/\/sunfruits.com.pe\/zh-hans\/wp-json\/wp\/v2\/comments?post=4002"}],"version-history":[{"count":8,"href":"https:\/\/sunfruits.com.pe\/zh-hans\/wp-json\/wp\/v2\/pages\/4002\/revisions"}],"predecessor-version":[{"id":4012,"href":"https:\/\/sunfruits.com.pe\/zh-hans\/wp-json\/wp\/v2\/pages\/4002\/revisions\/4012"}],"wp:attachment":[{"href":"https:\/\/sunfruits.com.pe\/zh-hans\/wp-json\/wp\/v2\/media?parent=4002"}],"curies":[{"name":"wp","href":"https:\/\/api.w.org\/{rel}","templated":true}]}}